{"id":1078,"date":"2025-01-16T14:27:58","date_gmt":"2025-01-16T13:27:58","guid":{"rendered":"https:\/\/vidangemoderne.myskydoowebsite.com\/?page_id=1078"},"modified":"2025-03-14T10:17:09","modified_gmt":"2025-03-14T09:17:09","slug":"photos","status":"publish","type":"page","link":"https:\/\/vidangemoderne.be\/nl\/photos\/","title":{"rendered":"Foto's"},"content":{"rendered":"<div data-elementor-type=\"wp-page\" data-elementor-id=\"1078\" class=\"elementor elementor-1078\" data-elementor-post-type=\"page\">\n\t\t\t\t<div class=\"elementor-element elementor-element-f8f1b00 e-flex e-con-boxed e-con e-parent\" data-id=\"f8f1b00\" data-element_type=\"container\" data-e-type=\"container\" data-settings=\"{&quot;background_background&quot;:&quot;classic&quot;}\">\n\t\t\t\t\t<div class=\"e-con-inner\">\n\t\t<div class=\"elementor-element elementor-element-65fc756 e-con-full e-flex e-con e-child\" data-id=\"65fc756\" data-element_type=\"container\" data-e-type=\"container\" data-settings=\"{&quot;background_background&quot;:&quot;classic&quot;}\">\n\t\t\t\t<div class=\"elementor-element elementor-element-5200879 elementor-widget elementor-widget-image\" data-id=\"5200879\" data-element_type=\"widget\" data-e-type=\"widget\" data-widget_type=\"image.default\">\n\t\t\t\t<div class=\"elementor-widget-container\">\n\t\t\t\t\t\t\t\t\t\t\t\t\t\t\t<img decoding=\"async\" width=\"120\" height=\"60\" src=\"https:\/\/vidangemoderne.be\/wp-content\/uploads\/logo.svg\" class=\"attachment-large size-large wp-image-201\" alt=\",\" title=\"\">\t\t\t\t\t\t\t\t\t\t\t\t\t\t\t<\/div>\n\t\t\t\t<\/div>\n\t\t\t\t<div class=\"elementor-element elementor-element-7eb2349 elementor-widget elementor-widget-heading\" data-id=\"7eb2349\" data-element_type=\"widget\" data-e-type=\"widget\" data-widget_type=\"heading.default\">\n\t\t\t\t<div class=\"elementor-widget-container\">\n\t\t\t\t\t<h1 class=\"elementor-heading-title elementor-size-default\">Foto's<\/h1>\t\t\t\t<\/div>\n\t\t\t\t<\/div>\n\t\t\t\t<div class=\"elementor-element elementor-element-7c9de0a elementor-widget elementor-widget-text-editor\" data-id=\"7c9de0a\" data-element_type=\"widget\" data-e-type=\"widget\" data-widget_type=\"text-editor.default\">\n\t\t\t\t<div class=\"elementor-widget-container\">\n\t\t\t\t\t\t\t\t\t<div class=\"elementor-element elementor-element-6b00438 elementor-widget elementor-widget-text-editor\" data-id=\"6b00438\" data-element_type=\"widget\" data-widget_type=\"text-editor.default\"><div class=\"elementor-widget-container\">Ontstoppings- en ruimingswerken in Nijvel in Waals-Brabant<\/div><\/div>\t\t\t\t\t\t\t\t<\/div>\n\t\t\t\t<\/div>\n\t\t\t\t<div class=\"elementor-element elementor-element-e393bfc elementor-view-default elementor-widget elementor-widget-icon\" data-id=\"e393bfc\" data-element_type=\"widget\" data-e-type=\"widget\" data-widget_type=\"icon.default\">\n\t\t\t\t<div class=\"elementor-widget-container\">\n\t\t\t\t\t\t\t<div class=\"elementor-icon-wrapper\">\n\t\t\t<a class=\"elementor-icon\" href=\"#scroll\">\n\t\t\t<i aria-hidden=\"true\" class=\"fas fa-chevron-down\"><\/i>\t\t\t<\/a>\n\t\t<\/div>\n\t\t\t\t\t\t<\/div>\n\t\t\t\t<\/div>\n\t\t\t\t<\/div>\n\t\t\t\t\t<\/div>\n\t\t\t\t<\/div>\n\t\t<div class=\"elementor-element elementor-element-520059a e-flex e-con-boxed e-con e-parent\" data-id=\"520059a\" data-element_type=\"container\" data-e-type=\"container\" id=\"scroll\">\n\t\t\t\t\t<div class=\"e-con-inner\">\n\t\t<div class=\"elementor-element elementor-element-b0ff73c e-con-full e-flex elementor-invisible e-con e-child\" data-id=\"b0ff73c\" data-element_type=\"container\" data-e-type=\"container\" data-settings=\"{&quot;animation&quot;:&quot;fadeIn&quot;}\">\n\t\t\t\t<div class=\"elementor-element elementor-element-fcb57da gallery-spacing-custom elementor-widget elementor-widget-image-gallery\" data-id=\"fcb57da\" data-element_type=\"widget\" data-e-type=\"widget\" data-widget_type=\"image-gallery.default\">\n\t\t\t\t<div class=\"elementor-widget-container\">\n\t\t\t\t\t\t\t<div class=\"elementor-image-gallery\">\n\t\t\t<div id='gallery-1' class='gallery galleryid-1078 gallery-columns-3 gallery-size-medium'><figure class='gallery-item'>\n\t\t\t<div class='gallery-icon landscape'>\n\t\t\t\t<a data-elementor-open-lightbox=\"yes\" data-elementor-lightbox-slideshow=\"fcb57da\" data-e-action-hash=\"#elementor-action%3Aaction%3Dlightbox%26settings%3DeyJpZCI6Mzg0LCJ1cmwiOiJodHRwczpcL1wvdmlkYW5nZW1vZGVybmUuYmVcL3dwLWNvbnRlbnRcL3VwbG9hZHNcL3ZtaS1hYm91dC0xLmpwZyIsInNsaWRlc2hvdyI6ImZjYjU3ZGEifQ%3D%3D\" href='https:\/\/vidangemoderne.be\/wp-content\/uploads\/vmi-about-1.jpg'><img fetchpriority=\"high\" decoding=\"async\" width=\"800\" height=\"590\" src=\"https:\/\/vidangemoderne.be\/wp-content\/uploads\/vmi-about-1.jpg\" class=\"attachment-medium size-medium\" alt=\",\" srcset=\"https:\/\/vidangemoderne.be\/wp-content\/uploads\/vmi-about-1.jpg 800w, https:\/\/vidangemoderne.be\/wp-content\/uploads\/vmi-about-1-768x566.jpg 768w\" sizes=\"(max-width: 800px) 100vw, 800px\" title=\"\"><\/a>\n\t\t\t<\/div><\/figure><figure class='gallery-item'>\n\t\t\t<div class='gallery-icon landscape'>\n\t\t\t\t<a data-elementor-open-lightbox=\"yes\" data-elementor-lightbox-slideshow=\"fcb57da\" data-e-action-hash=\"#elementor-action%3Aaction%3Dlightbox%26settings%3DeyJpZCI6MzgzLCJ1cmwiOiJodHRwczpcL1wvdmlkYW5nZW1vZGVybmUuYmVcL3dwLWNvbnRlbnRcL3VwbG9hZHNcL3ZtaS12aWRhbmdlLWZvc3NlLXNlcHRpcXVlLmpwZyIsInNsaWRlc2hvdyI6ImZjYjU3ZGEifQ%3D%3D\" href='https:\/\/vidangemoderne.be\/wp-content\/uploads\/vmi-vidange-fosse-septique.jpg'><img decoding=\"async\" width=\"800\" height=\"590\" src=\"https:\/\/vidangemoderne.be\/wp-content\/uploads\/vmi-vidange-fosse-septique.jpg\" class=\"attachment-medium size-medium\" alt=\",\" srcset=\"https:\/\/vidangemoderne.be\/wp-content\/uploads\/vmi-vidange-fosse-septique.jpg 800w, https:\/\/vidangemoderne.be\/wp-content\/uploads\/vmi-vidange-fosse-septique-768x566.jpg 768w\" sizes=\"(max-width: 800px) 100vw, 800px\" title=\"\"><\/a>\n\t\t\t<\/div><\/figure><figure class='gallery-item'>\n\t\t\t<div class='gallery-icon landscape'>\n\t\t\t\t<a data-elementor-open-lightbox=\"yes\" data-elementor-lightbox-slideshow=\"fcb57da\" data-e-action-hash=\"#elementor-action%3Aaction%3Dlightbox%26settings%3DeyJpZCI6MzgyLCJ1cmwiOiJodHRwczpcL1wvdmlkYW5nZW1vZGVybmUuYmVcL3dwLWNvbnRlbnRcL3VwbG9hZHNcL3ZtaS1hYm91dC0yLmpwZyIsInNsaWRlc2hvdyI6ImZjYjU3ZGEifQ%3D%3D\" href='https:\/\/vidangemoderne.be\/wp-content\/uploads\/vmi-about-2.jpg'><img loading=\"lazy\" decoding=\"async\" width=\"800\" height=\"590\" src=\"https:\/\/vidangemoderne.be\/wp-content\/uploads\/vmi-about-2.jpg\" class=\"attachment-medium size-medium\" alt=\",\" srcset=\"https:\/\/vidangemoderne.be\/wp-content\/uploads\/vmi-about-2.jpg 800w, https:\/\/vidangemoderne.be\/wp-content\/uploads\/vmi-about-2-768x566.jpg 768w\" sizes=\"(max-width: 800px) 100vw, 800px\" title=\"\"><\/a>\n\t\t\t<\/div><\/figure>\n\t\t<\/div>\n\t\t<\/div>\n\t\t\t\t\t\t<\/div>\n\t\t\t\t<\/div>\n\t\t\t\t<\/div>\n\t\t<div class=\"elementor-element elementor-element-d2b6fdf e-con-full e-flex elementor-invisible e-con e-child\" data-id=\"d2b6fdf\" data-element_type=\"container\" data-e-type=\"container\" data-settings=\"{&quot;animation&quot;:&quot;fadeIn&quot;}\">\n\t\t\t\t<div class=\"elementor-element elementor-element-1315932 elementor-widget elementor-widget-heading\" data-id=\"1315932\" data-element_type=\"widget\" data-e-type=\"widget\" data-widget_type=\"heading.default\">\n\t\t\t\t<div class=\"elementor-widget-container\">\n\t\t\t\t\t<h2 class=\"elementor-heading-title elementor-size-default\">Specialisten in afvoeren en ontstoppen in Nijvel\n<\/h2>\t\t\t\t<\/div>\n\t\t\t\t<\/div>\n\t\t\t\t<div class=\"elementor-element elementor-element-a8a804d elementor-widget-divider--view-line elementor-widget elementor-widget-divider\" data-id=\"a8a804d\" data-element_type=\"widget\" data-e-type=\"widget\" data-widget_type=\"divider.default\">\n\t\t\t\t<div class=\"elementor-widget-container\">\n\t\t\t\t\t\t\t<div class=\"elementor-divider\">\n\t\t\t<span class=\"elementor-divider-separator\">\n\t\t\t\t\t\t<\/span>\n\t\t<\/div>\n\t\t\t\t\t\t<\/div>\n\t\t\t\t<\/div>\n\t\t\t\t<div class=\"elementor-element elementor-element-25e8f73 elementor-widget elementor-widget-text-editor\" data-id=\"25e8f73\" data-element_type=\"widget\" data-e-type=\"widget\" data-widget_type=\"text-editor.default\">\n\t\t\t\t<div class=\"elementor-widget-container\">\n\t\t\t\t\t\t\t\t\t<p class=\"translation-block\">Met meer dan <strong>50 jaar expertise<\/strong> is <strong>VMI<\/strong> uw referentie voor <strong>het legen van septische putten<\/strong>, <strong>het ontstoppen van leidingen<\/strong> en <strong>preventieve reiniging<\/strong>. Wij werken met professionaliteit om de goede werking van uw installaties te garanderen, of u nu een particulier of een professional bent.<\/p>\t\t\t\t\t\t\t\t<\/div>\n\t\t\t\t<\/div>\n\t\t\t\t<div class=\"elementor-element elementor-element-5b460da elementor-mobile-align-center elementor-widget elementor-widget-button\" data-id=\"5b460da\" data-element_type=\"widget\" data-e-type=\"widget\" data-widget_type=\"button.default\">\n\t\t\t\t<div class=\"elementor-widget-container\">\n\t\t\t\t\t\t\t\t\t<div class=\"elementor-button-wrapper\">\n\t\t\t\t\t<a class=\"elementor-button elementor-button-link elementor-size-sm elementor-animation-grow\" href=\"https:\/\/vidangemoderne.be\/nl\/contact\/\">\n\t\t\t\t\t\t<span class=\"elementor-button-content-wrapper\">\n\t\t\t\t\t\t<span class=\"elementor-button-icon\">\n\t\t\t\t<i aria-hidden=\"true\" class=\"fas fa-arrow-right\"><\/i>\t\t\t<\/span>\n\t\t\t\t\t\t\t\t\t<span class=\"elementor-button-text\">Neem contact met ons op<\/span>\n\t\t\t\t\t<\/span>\n\t\t\t\t\t<\/a>\n\t\t\t\t<\/div>\n\t\t\t\t\t\t\t\t<\/div>\n\t\t\t\t<\/div>\n\t\t\t\t<\/div>\n\t\t\t\t\t<\/div>\n\t\t\t\t<\/div>\n\t\t\t\t<\/div>","protected":false},"excerpt":{"rendered":"<p>Photos Entreprise de d\u00e9bouchage et vidange \u00e0 Nivelles dans le Brabant wallon Les sp\u00e9cialistes de la vidange et du d\u00e9bouchage \u00e0 Nivelles Avec plus de 50 ans d\u2019expertise, VMI est votre r\u00e9f\u00e9rence en vidange de fosses septiques, d\u00e9bouchage de canalisations et curage pr\u00e9ventif. Nous intervenons avec professionnalisme pour assurer le bon fonctionnement de vos installations, [&hellip;]<\/p>\n","protected":false},"author":1,"featured_media":0,"parent":0,"menu_order":0,"comment_status":"closed","ping_status":"closed","template":"elementor_header_footer","meta":{"footnotes":""},"class_list":["post-1078","page","type-page","status-publish","hentry"],"_links":{"self":[{"href":"https:\/\/vidangemoderne.be\/nl\/wp-json\/wp\/v2\/pages\/1078","targetHints":{"allow":["GET"]}}],"collection":[{"href":"https:\/\/vidangemoderne.be\/nl\/wp-json\/wp\/v2\/pages"}],"about":[{"href":"https:\/\/vidangemoderne.be\/nl\/wp-json\/wp\/v2\/types\/page"}],"author":[{"embeddable":true,"href":"https:\/\/vidangemoderne.be\/nl\/wp-json\/wp\/v2\/users\/1"}],"replies":[{"embeddable":true,"href":"https:\/\/vidangemoderne.be\/nl\/wp-json\/wp\/v2\/comments?post=1078"}],"version-history":[{"count":0,"href":"https:\/\/vidangemoderne.be\/nl\/wp-json\/wp\/v2\/pages\/1078\/revisions"}],"wp:attachment":[{"href":"https:\/\/vidangemoderne.be\/nl\/wp-json\/wp\/v2\/media?parent=1078"}],"curies":[{"name":"wp","href":"https:\/\/api.w.org\/{rel}","templated":true}]}}